{"id":3624,"date":"2024-05-29T16:19:26","date_gmt":"2024-05-29T14:19:26","guid":{"rendered":"https:\/\/ibstage.org\/aviso-legal\/"},"modified":"2024-05-29T22:31:55","modified_gmt":"2024-05-29T20:31:55","slug":"aviso-legal","status":"publish","type":"page","link":"https:\/\/ibstage.org\/es\/aviso-legal\/","title":{"rendered":"Aviso legal"},"content":{"rendered":"\t\t<div data-elementor-type=\"wp-page\" data-elementor-id=\"3624\" class=\"elementor elementor-3624 elementor-3451\" data-elementor-post-type=\"page\">\n\t\t\t\t<div class=\"elementor-element elementor-element-be80a85 e-flex e-con-boxed magic-button-disabled-no e-con e-parent\" data-id=\"be80a85\" data-element_type=\"container\" data-e-type=\"container\" data-settings=\"{&quot;background_background&quot;:&quot;classic&quot;}\">\n\t\t\t\t\t<div class=\"e-con-inner\">\n\t\t\t\t\t<\/div>\n\t\t\t\t<\/div>\n\t\t<div class=\"elementor-element elementor-element-6e54a3d e-flex e-con-boxed magic-button-disabled-no e-con e-parent\" data-id=\"6e54a3d\" data-element_type=\"container\" data-e-type=\"container\">\n\t\t\t\t\t<div class=\"e-con-inner\">\n\t\t\t\t<div class=\"elementor-element elementor-element-ffc85d9 elementor-widget elementor-widget-text-editor\" data-id=\"ffc85d9\" data-element_type=\"widget\" data-e-type=\"widget\" data-widget_type=\"text-editor.default\">\n\t\t\t\t<div class=\"elementor-widget-container\">\n\t\t\t\t\t\t\t\t\t<p><strong>Aviso legal<\/strong><\/p>\n<p><strong>Identidad del responsable: FUNDACI\u00d3 BALLET DE CATALUNYA<\/strong><br \/>NIF\/CIF: G66776212<br \/>Direcci\u00f3n: Calle Mare de D\u00e9u dels \u00c0ngels 90, 08221, Terrassa, Barcelona<br \/>Correo electr\u00f3nico: <a target=\"_new\" rel=\"noreferrer\">info@catballet.org<\/a><br \/>Inscrita en el Registro de Entidades Locales de Catalu\u00f1a el 08\/02\/1994 con el n\u00famero 2992.<\/p>\n<p>La FUNDACI\u00d3 BALLET DE CATALUNYA se compromete a tratar la informaci\u00f3n de sus usuarios con plenas garant\u00edas y a cumplir con los requisitos nacionales y europeos que regulan la recogida y uso de los datos personales de sus usuarios. Por tanto, este sitio web cumple estrictamente con el Reglamento (UE) 2016\/679 del Parlamento Europeo y del Consejo, de 27 de abril de 2016, relativo a la protecci\u00f3n de las personas f\u00edsicas (GDPR), as\u00ed como con la Ley 34\/2002, de 11 de julio, de Servicios de la Sociedad de la Informaci\u00f3n y Comercio Electr\u00f3nico (LSSICE o LSSI). Tambi\u00e9n cumple con la Ley Org\u00e1nica 3\/2018, de 5 de diciembre, de Protecci\u00f3n de Datos Personales y Garant\u00eda de los Derechos Digitales (LOPDGDD).<\/p>\n<p><strong>Acceso y uso del Sitio Web<\/strong><\/p>\n<p><strong>Acceso al Sitio Web<\/strong><\/p>\n<p>Los usuarios pueden acceder libre y gratuitamente a la web <a href=\"http:\/\/www.ibstage.org\/\" target=\"_new\" rel=\"noreferrer\">www.ibstage.org<\/a> donde encontrar\u00e1n informaci\u00f3n institucional sobre la Fundaci\u00f3 Ballet de Catalunya en el apartado de transparencia correspondiente. En adelante, la secci\u00f3n de transparencia de la FUNDACI\u00d3 BALLET DE CATALUNYA, que forma parte del sitio web de la Fundaci\u00f3 Ballet de Catalunya, se denominar\u00e1 \u00absitio web\u00bb.<\/p>\n<p>Con car\u00e1cter general, el acceso a la informaci\u00f3n y utilidades de este sitio web no exige el registro previo del usuario. No obstante, los usuarios podr\u00e1n solicitar, mediante la cumplimentaci\u00f3n de los correspondientes formularios, la recepci\u00f3n de informaci\u00f3n y publicidad sobre la FUNDACI\u00d3 BALLET DE CATALUNYA. Los usuarios garantizan que toda la informaci\u00f3n y los datos personales facilitados en los formularios ser\u00e1n verdaderos y correctos. El usuario ser\u00e1 el \u00fanico responsable de las manifestaciones falsas o inexactas que realice y de los perjuicios que cause a FUNDACI\u00d3 BALLET DE CATALUNYA o a terceros por la utilizaci\u00f3n de dicha informaci\u00f3n. Asimismo, el usuario se compromete a comunicar a la FUNDACI\u00d3 BALLET DE CATALUNYA los cambios que se produzcan en relaci\u00f3n con la informaci\u00f3n y los datos personales comunicados.<\/p>\n<p>La FUNDACI\u00d3 BALLET DE CATALUNYA se reserva el derecho a interrumpir el acceso a su web en cualquier momento y sin previo aviso, ya sea por motivos de seguridad, de control, de mantenimiento, por fallos de suministro el\u00e9ctrico, o por cualquier otra causa. Esta interrupci\u00f3n puede ser temporal o permanente, en cuyo caso se comunicar\u00e1 esta circunstancia a los usuarios. En consecuencia, la FUNDACI\u00d3 BALLET DE CATALUNYA no garantiza la fiabilidad, disponibilidad ni continuidad de su sitio web, en los supuestos de hecho y de derecho anteriormente expuestos, por lo que en ning\u00fan momento podr\u00e1n exigirse responsabilidades a la FUNDACI\u00d3 BALLET DE CATALUNYA en este sentido.<\/p>\n<p><strong>Uso del Sitio Web<\/strong><\/p>\n<p>La utilizaci\u00f3n del sitio web de FUNDACI\u00d3 BALLET DE CATALUNYA por cualquier persona le atribuye la condici\u00f3n de usuario, que acepta, bajo su exclusiva responsabilidad.<\/p>\n<p>El usuario se compromete a utilizar la informaci\u00f3n que FUNDACI\u00d3 BALLET DE CATALUNYA pone a su disposici\u00f3n en este sitio web de conformidad con las presentes condiciones generales y la legalidad vigente y, en todo caso, se compromete a no utilizarla para la realizaci\u00f3n de actividades contrarias a las leyes, a la moral o al orden p\u00fablico.<\/p>\n<p>Los Contenidos del sitio web son puestos a disposici\u00f3n de los usuarios por la FUNDACI\u00d3 BALLET DE CATALUNYA como informaci\u00f3n propia o, en su caso, de terceros. De este modo, FUNDACI\u00d3 BALLET DE CATALUNYA pondr\u00e1 los medios razonables a su disposici\u00f3n para que los Contenidos incluidos en su sitio web sean exactos y est\u00e9n actualizados.<\/p>\n<p>En cuanto a los menores de edad que deseen utilizar este sitio web, deber\u00e1n contar con el permiso de sus padres o tutores, que ser\u00e1n en todo caso responsables de sus actos.<\/p>\n<p><strong>Modificaciones<\/strong><\/p>\n<p>FUNDACI\u00d3 BALLET DE CATALUNYA se reserva el derecho de efectuar sin previo aviso las modificaciones que considere oportunas en su portal de transparencia, pudiendo cambiar, suprimir o a\u00f1adir tanto los contenidos como la forma en la que \u00e9stos aparezcan presentados o localizados en su portal.<\/p>\n<p><strong>Informaci\u00f3n sobre Enlaces<\/strong><\/p>\n<p>Las p\u00e1ginas de Internet de FUNDACI\u00d3 BALLET DE CATALUNYA pueden contener enlaces a otras p\u00e1ginas de terceros. Por ello, no puede asumir responsabilidades por el contenido que pueda aparecer en p\u00e1ginas de terceros. Cualquier acto de transmisi\u00f3n, distribuci\u00f3n, cesi\u00f3n, reproducci\u00f3n, almacenamiento, o comunicaci\u00f3n p\u00fablica total o parcial, debe contar con el consentimiento expreso de la FUNDACI\u00d3 BALLET DE CATALUNYA.<\/p>\n<p>En cumplimiento de lo dispuesto en el art. 11 y 16 de la LSSICE, la FUNDACI\u00d3 BALLET DE CATALUNYA se pone a disposici\u00f3n de todos los usuarios, autoridades y fuerzas de seguridad, colaborando de forma activa en la retirada o, en su caso, bloqueo de todos aquellos contenidos que pudieran afectar o contravenir la legislaci\u00f3n nacional, o internacional, derechos de terceros o la moral y el orden p\u00fablico. En caso de que el usuario considere que existe alg\u00fan contenido que pudiera ser susceptible de esta clasificaci\u00f3n, se ruega lo notifique de forma inmediata al administrador de la web.<\/p>\n<p><strong>Renuncia y limitaci\u00f3n de responsabilidad<\/strong><\/p>\n<p>Los usuarios responder\u00e1n de los da\u00f1os y perjuicios de toda naturaleza que FUNDACI\u00d3 BALLET DE CATALUNYA o terceros puedan sufrir como consecuencia del incumplimiento de cualquiera de las disposiciones previstas en este Aviso Legal o pol\u00edtica de privacidad y el resto de condiciones legales que resulten de aplicaci\u00f3n.<\/p>\n<p>La FUNDACI\u00d3 BALLET DE CATALUNYA no se responsabiliza de los da\u00f1os producidos en los equipos inform\u00e1ticos de los usuarios o de terceros que se deriven del acceso a este sitio web, ya que dicho acceso no implica la obligaci\u00f3n por parte de la FUNDACI\u00d3 BALLET DE CATALUNYA de controlar la ausencia de virus, gusanos o cualquier otro elemento inform\u00e1tico da\u00f1ino.<\/p>\n<p>La FUNDACI\u00d3 BALLET DE CATALUNYA no se hace responsable de los contenidos y servicios de los enlaces, p\u00e1ginas o sistemas de terceros conectados a este sitio web y, por tanto, no se hace responsable por los da\u00f1os producidos por la ilicitud, calidad, desactualizaci\u00f3n, indisponibilidad, error e inutilidad de los mismos.<\/p>\n<p><strong>Informaci\u00f3n sobre Propiedad Intelectual e Industrial<\/strong><\/p>\n<p>Todos los contenidos del sitio web, entendiendo por estos a t\u00edtulo meramente enunciativo los textos, fotograf\u00edas, gr\u00e1ficos, im\u00e1genes, iconos, signos distintivos o logos, marcas, nombres comerciales, tecnolog\u00eda, software, links y dem\u00e1s contenidos audiovisuales o sonoros, as\u00ed como su dise\u00f1o gr\u00e1fico y c\u00f3digos fuente (en adelante, los Contenidos), son propiedad intelectual de FUNDACI\u00d3 BALLET DE CATALUNYA o, en su caso, de terceros, salvo que se especifique otra cosa.<\/p>\n<p>El usuario deber\u00e1 respetar en todo momento todos los derechos de propiedad intelectual e industrial sobre este sitio web, de titularidad de FUNDACI\u00d3 BALLET DE CATALUNYA o de terceros.<\/p>\n<p>Quedan expresamente prohibidas la reproducci\u00f3n, transformaci\u00f3n, distribuci\u00f3n, comunicaci\u00f3n p\u00fablica, puesta a disposici\u00f3n, extracci\u00f3n, reutilizaci\u00f3n, retransmisi\u00f3n, o la utilizaci\u00f3n de cualquier naturaleza, por cualquier medio o procedimiento, de cualquiera de ellos, salvo en los casos en que est\u00e9 legalmente permitido, es decir, autorizado por el titular de los correspondientes derechos. Para el uso autorizado de los Contenidos de este sitio web, con fines exclusivamente informativos o educativos, los usuarios pueden ponerse en contacto con <a target=\"_new\" rel=\"noreferrer\">info@catballet.org.<\/a> No obstante, los usuarios podr\u00e1n visualizar y obtener una copia privada temporal de los Contenidos para su exclusivo uso personal y privado en sus sistemas inform\u00e1ticos, siempre que no sea con la finalidad de desarrollar actividades comerciales o profesionales ni con fines de distribuci\u00f3n, modificaci\u00f3n, alteraci\u00f3n o descompilaci\u00f3n.<\/p>\n<p><strong>Protecci\u00f3n de datos personales<\/strong><\/p>\n<p>Los datos personales recibidos de los usuarios ser\u00e1n tratados de forma confidencial, cumpliendo adecuadamente y en todo momento con las previsiones contenidas en el GDPR, la LOPDGDD, y cualquier otra normativa vigente o futura que se promulgue sobre la materia.<\/p>\n<p>La FUNDACI\u00d3 BALLET DE CATALUNYA se compromete a tratar los datos de car\u00e1cter personal de acuerdo con las finalidades para las que los usuarios hayan facilitado los datos personales, a no aplicarlos ni utilizarlos con una finalidad distinta, y a no comunicarlos, ni siquiera para su conservaci\u00f3n, a otras personas, salvo consentimiento previo y expreso del interesado. Asimismo, la FUNDACI\u00d3 BALLET DE CATALUNYA se compromete a adoptar y aplicar las medidas de \u00edndole t\u00e9cnica y organizativas adecuadas para garantizar un nivel de seguridad que impida su alteraci\u00f3n, p\u00e9rdida, tratamiento o acceso no autorizado, habida cuenta del estado de la tecnolog\u00eda, la naturaleza de los datos almacenados y los riesgos a que est\u00e1n expuestos, de acuerdo con lo establecido en el art\u00edculo 32 del RGPD.<\/p>\n<p>Para m\u00e1s informaci\u00f3n, consulta nuestra <a href=\"https:\/\/ibstage.org\/es\/privacidad\/\">Pol\u00edtica de privacidad<\/a>.<\/p>\n<p><strong>Legislaci\u00f3n y jurisdicci\u00f3n aplicables<\/strong><\/p>\n<p>Este Aviso Legal est\u00e1 sujeto a la legislaci\u00f3n espa\u00f1ola vigente. Para la resoluci\u00f3n de cualquier conflicto o litigio que pudiera derivarse del acceso a este sitio web, los usuarios y la FUNDACI\u00d3 BALLET DE CATALUNYA acuerdan someterse a los juzgados y tribunales competentes.<\/p>\n\t\t\t\t\t\t\t\t<\/div>\n\t\t\t\t<\/div>\n\t\t\t\t\t<\/div>\n\t\t\t\t<\/div>\n\t\t\t\t<\/div>\n\t\t","protected":false},"excerpt":{"rendered":"<p>Aviso legal Identidad del responsable: FUNDACI\u00d3 BALLET DE CATALUNYANIF\/CIF: G66776212Direcci\u00f3n: Calle Mare de D\u00e9u dels \u00c0ngels 90, 08221, Terrassa, BarcelonaCorreo electr\u00f3nico: info@catballet.orgInscrita en el Registro de Entidades Locales de Catalu\u00f1a el 08\/02\/1994 con el n\u00famero 2992. La FUNDACI\u00d3 BALLET DE CATALUNYA se compromete a tratar la informaci\u00f3n de sus usuarios con plenas garant\u00edas y a [&hellip;]<\/p>\n","protected":false},"author":1,"featured_media":0,"parent":0,"menu_order":0,"comment_status":"closed","ping_status":"closed","template":"","meta":{"_coblocks_attr":"","_coblocks_dimensions":"","_coblocks_responsive_height":"","_coblocks_accordion_ie_support":"","content-type":"","footnotes":""},"class_list":["post-3624","page","type-page","status-publish","hentry"],"_links":{"self":[{"href":"https:\/\/ibstage.org\/es\/wp-json\/wp\/v2\/pages\/3624","targetHints":{"allow":["GET"]}}],"collection":[{"href":"https:\/\/ibstage.org\/es\/wp-json\/wp\/v2\/pages"}],"about":[{"href":"https:\/\/ibstage.org\/es\/wp-json\/wp\/v2\/types\/page"}],"author":[{"embeddable":true,"href":"https:\/\/ibstage.org\/es\/wp-json\/wp\/v2\/users\/1"}],"replies":[{"embeddable":true,"href":"https:\/\/ibstage.org\/es\/wp-json\/wp\/v2\/comments?post=3624"}],"version-history":[{"count":1,"href":"https:\/\/ibstage.org\/es\/wp-json\/wp\/v2\/pages\/3624\/revisions"}],"predecessor-version":[{"id":3625,"href":"https:\/\/ibstage.org\/es\/wp-json\/wp\/v2\/pages\/3624\/revisions\/3625"}],"wp:attachment":[{"href":"https:\/\/ibstage.org\/es\/wp-json\/wp\/v2\/media?parent=3624"}],"curies":[{"name":"wp","href":"https:\/\/api.w.org\/{rel}","templated":true}]}}