{"id":3715,"date":"2024-05-02T16:41:00","date_gmt":"2024-05-02T14:41:00","guid":{"rendered":"https:\/\/ibstage.org\/sobre\/"},"modified":"2024-07-18T23:17:42","modified_gmt":"2024-07-18T21:17:42","slug":"sobre","status":"publish","type":"page","link":"https:\/\/ibstage.org\/ca\/sobre\/","title":{"rendered":"Sobre"},"content":{"rendered":"\t\t<div data-elementor-type=\"wp-page\" data-elementor-id=\"3715\" class=\"elementor elementor-3715 elementor-641\" data-elementor-post-type=\"page\">\n\t\t\t\t<div class=\"elementor-element elementor-element-44850b4f e-con-full e-flex magic-button-disabled-no e-con e-parent\" data-id=\"44850b4f\" data-element_type=\"container\" data-e-type=\"container\" data-settings=\"{&quot;background_background&quot;:&quot;classic&quot;}\">\n\t\t<div class=\"elementor-element elementor-element-537c6905 e-con-full e-flex magic-button-disabled-no e-con e-child\" data-id=\"537c6905\" data-element_type=\"container\" data-e-type=\"container\" data-settings=\"{&quot;background_background&quot;:&quot;classic&quot;}\">\n\t\t\t\t<div class=\"elementor-element elementor-element-53e2d567 elementor-invisible elementor-widget elementor-widget-image\" data-id=\"53e2d567\" data-element_type=\"widget\" data-e-type=\"widget\" data-settings=\"{&quot;_animation&quot;:&quot;fadeIn&quot;}\" data-widget_type=\"image.default\">\n\t\t\t\t<div class=\"elementor-widget-container\">\n\t\t\t\t\t\t\t\t\t\t\t\t\t\t\t<img fetchpriority=\"high\" decoding=\"async\" width=\"1707\" height=\"2560\" src=\"https:\/\/ibstage.org\/wp-content\/uploads\/2024\/05\/IMG_0635-scaled.jpg\" class=\"attachment-full size-full wp-image-1431\" alt=\"IBSTAGE Star galas\" srcset=\"https:\/\/ibstage.org\/wp-content\/uploads\/2024\/05\/IMG_0635-scaled.jpg 1707w, https:\/\/ibstage.org\/wp-content\/uploads\/2024\/05\/IMG_0635-200x300.jpg 200w, https:\/\/ibstage.org\/wp-content\/uploads\/2024\/05\/IMG_0635-683x1024.jpg 683w, https:\/\/ibstage.org\/wp-content\/uploads\/2024\/05\/IMG_0635-768x1152.jpg 768w, https:\/\/ibstage.org\/wp-content\/uploads\/2024\/05\/IMG_0635-1024x1536.jpg 1024w, https:\/\/ibstage.org\/wp-content\/uploads\/2024\/05\/IMG_0635-1365x2048.jpg 1365w\" sizes=\"(max-width: 1707px) 100vw, 1707px\" \/>\t\t\t\t\t\t\t\t\t\t\t\t\t\t\t<\/div>\n\t\t\t\t<\/div>\n\t\t\t\t<\/div>\n\t\t<div class=\"elementor-element elementor-element-2513b2f e-con-full e-flex magic-button-disabled-no e-con e-child\" data-id=\"2513b2f\" data-element_type=\"container\" data-e-type=\"container\">\n\t\t\t\t<div class=\"elementor-element elementor-element-4daf6c43 elementor-invisible elementor-widget elementor-widget-heading\" data-id=\"4daf6c43\" data-element_type=\"widget\" data-e-type=\"widget\" data-settings=\"{&quot;_animation&quot;:&quot;fadeIn&quot;}\" data-widget_type=\"heading.default\">\n\t\t\t\t<div class=\"elementor-widget-container\">\n\t\t\t\t\t<h1 class=\"elementor-heading-title elementor-size-default\">Sobre IBStage Star Galas<\/h1>\t\t\t\t<\/div>\n\t\t\t\t<\/div>\n\t\t\t\t<div class=\"elementor-element elementor-element-2fc3393 elementor-widget elementor-widget-text-editor\" data-id=\"2fc3393\" data-element_type=\"widget\" data-e-type=\"widget\" data-widget_type=\"text-editor.default\">\n\t\t\t\t<div class=\"elementor-widget-container\">\n\t\t\t\t\t\t\t\t\t<p>Descobreix IBStage Star Galas, la principal companyia de ballet de Barcelona on la passi\u00f3 i l&#8217;excel\u00b7l\u00e8ncia art\u00edstica s&#8217;uneixen. Celebrem i promovem el ballet internacionalment a trav\u00e9s de les riques tradicions d&#8217;esdeveniments, gales i programes educatius. Uneix-te a nosaltres per inspirar i fomentar ballarins, core\u00f2grafs i aficionats al ballet d&#8217;arreu del m\u00f3n.<\/p>\t\t\t\t\t\t\t\t<\/div>\n\t\t\t\t<\/div>\n\t\t\t\t<\/div>\n\t\t\t\t<\/div>\n\t\t<div class=\"elementor-element elementor-element-7ca545d3 elementor-hidden-desktop elementor-hidden-tablet elementor-hidden-mobile e-flex e-con-boxed magic-button-disabled-no e-con e-parent\" data-id=\"7ca545d3\" data-element_type=\"container\" data-e-type=\"container\" data-settings=\"{&quot;background_background&quot;:&quot;classic&quot;}\">\n\t\t\t\t\t<div class=\"e-con-inner\">\n\t\t<div class=\"elementor-element elementor-element-34a0504 e-con-full e-flex magic-button-disabled-no e-con e-child\" data-id=\"34a0504\" data-element_type=\"container\" data-e-type=\"container\" data-settings=\"{&quot;background_background&quot;:&quot;classic&quot;}\">\n\t\t\t\t<div class=\"elementor-element elementor-element-4ea556e6 elementor-view-default elementor-invisible elementor-widget elementor-widget-icon\" data-id=\"4ea556e6\" data-element_type=\"widget\" data-e-type=\"widget\" data-settings=\"{&quot;_animation&quot;:&quot;fadeIn&quot;}\" data-widget_type=\"icon.default\">\n\t\t\t\t<div class=\"elementor-widget-container\">\n\t\t\t\t\t\t\t<div class=\"elementor-icon-wrapper\">\n\t\t\t<div class=\"elementor-icon\">\n\t\t\t<svg xmlns=\"http:\/\/www.w3.org\/2000\/svg\" id=\"f512c916-4764-49f2-a8a1-f5489a2e0e46\" data-name=\"Layer 1\" width=\"42.4\" height=\"37.6\" viewBox=\"0 0 42.4 37.6\"><path d=\"M35.18,9.6Q37.38,7,42.58,7V.2q-18.2,0-18.2,20.4a85.7148,85.7148,0,0,0,1.8,17.2h16.2V22.4h-9.2V17.6Q33.18,12.2,35.18,9.6Z\" transform=\"translate(-0.1797 -0.2)\"><\/path><path d=\"M.18,20.6a87.4221,87.4221,0,0,0,2,17.2h16.2V22.4H8.98V17.6q0-5.4,2.2-8T18.58,7V.2Q.18.2.18,20.6Z\" transform=\"translate(-0.1797 -0.2)\"><\/path><\/svg>\t\t\t<\/div>\n\t\t<\/div>\n\t\t\t\t\t\t<\/div>\n\t\t\t\t<\/div>\n\t\t\t\t<div class=\"elementor-element elementor-element-5a9d9ae3 elementor-widget elementor-widget-testimonial\" data-id=\"5a9d9ae3\" data-element_type=\"widget\" data-e-type=\"widget\" data-widget_type=\"testimonial.default\">\n\t\t\t\t<div class=\"elementor-widget-container\">\n\t\t\t\t\t\t\t<div class=\"elementor-testimonial-wrapper\">\n\t\t\t\t\t\t\t<div class=\"elementor-testimonial-content\"><p>Els casaments s\u00f3n un esdeveniment r\u00e8cord en qualsevol hist\u00f2ria d'amor. Documentar moments aut\u00e8ntics de parelles i la reuni\u00f3 de la seva fam\u00edlia em fascina i m'emociona una i altra vegada.<\/p>\n<\/div>\n\t\t\t\n\t\t\t\t\t\t<div class=\"elementor-testimonial-meta\">\n\t\t\t\t<div class=\"elementor-testimonial-meta-inner\">\n\t\t\t\t\t\n\t\t\t\t\t\t\t\t\t\t<div class=\"elementor-testimonial-details\">\n\t\t\t\t\t\t\t\t\t\t\t\t\t\t<div class=\"elementor-testimonial-name\">Roberta Jones<\/div>\n\t\t\t\t\t\t\t\t\t\t\t\t\t\t\t\t\t\t\t<\/div>\n\t\t\t\t\t\t\t\t\t<\/div>\n\t\t\t<\/div>\n\t\t\t\t\t<\/div>\n\t\t\t\t\t\t<\/div>\n\t\t\t\t<\/div>\n\t\t\t\t<\/div>\n\t\t\t\t<div class=\"elementor-element elementor-element-186541c7 elementor-widget__width-initial elementor-widget-tablet__width-initial elementor-absolute elementor-invisible elementor-widget elementor-widget-spacer\" data-id=\"186541c7\" data-element_type=\"widget\" data-e-type=\"widget\" data-settings=\"{&quot;_position&quot;:&quot;absolute&quot;,&quot;_animation&quot;:&quot;slideInUp&quot;,&quot;motion_fx_motion_fx_scrolling&quot;:&quot;yes&quot;,&quot;motion_fx_translateY_effect&quot;:&quot;yes&quot;,&quot;motion_fx_translateY_affectedRange&quot;:{&quot;unit&quot;:&quot;%&quot;,&quot;size&quot;:&quot;&quot;,&quot;sizes&quot;:{&quot;start&quot;:50,&quot;end&quot;:100}},&quot;motion_fx_scale_effect&quot;:&quot;yes&quot;,&quot;motion_fx_scale_range&quot;:{&quot;unit&quot;:&quot;%&quot;,&quot;size&quot;:&quot;&quot;,&quot;sizes&quot;:{&quot;start&quot;:50,&quot;end&quot;:100}},&quot;motion_fx_translateY_speed&quot;:{&quot;unit&quot;:&quot;px&quot;,&quot;size&quot;:4,&quot;sizes&quot;:[]},&quot;motion_fx_scale_direction&quot;:&quot;out-in&quot;,&quot;motion_fx_scale_speed&quot;:{&quot;unit&quot;:&quot;px&quot;,&quot;size&quot;:4,&quot;sizes&quot;:[]},&quot;motion_fx_devices&quot;:[&quot;desktop&quot;,&quot;tablet&quot;,&quot;mobile&quot;]}\" data-widget_type=\"spacer.default\">\n\t\t\t\t<div class=\"elementor-widget-container\">\n\t\t\t\t\t\t\t<div class=\"elementor-spacer\">\n\t\t\t<div class=\"elementor-spacer-inner\"><\/div>\n\t\t<\/div>\n\t\t\t\t\t\t<\/div>\n\t\t\t\t<\/div>\n\t\t\t\t\t<\/div>\n\t\t\t\t<\/div>\n\t\t\t\t<\/div>\n\t\t","protected":false},"excerpt":{"rendered":"<p>Les Ibstage Star Galas han estat les gales de ballet m\u00e9s importants d&#8217;Europa durant m\u00e9s d&#8217;una d\u00e8cada, reunint un extraordinari repartiment d&#8217;estrelles internacionals del ballet, juntament amb els joves ballarins m\u00e9s talentosos del programa d&#8217;estiu IBStage per mostrar el millor del ballet cl\u00e0ssic i contemporani.  <\/p>\n","protected":false},"author":1,"featured_media":3213,"parent":0,"menu_order":0,"comment_status":"closed","ping_status":"closed","template":"","meta":{"_coblocks_attr":"","_coblocks_dimensions":"","_coblocks_responsive_height":"","_coblocks_accordion_ie_support":"","content-type":"","footnotes":""},"class_list":["post-3715","page","type-page","status-publish","has-post-thumbnail","hentry"],"_links":{"self":[{"href":"https:\/\/ibstage.org\/ca\/wp-json\/wp\/v2\/pages\/3715","targetHints":{"allow":["GET"]}}],"collection":[{"href":"https:\/\/ibstage.org\/ca\/wp-json\/wp\/v2\/pages"}],"about":[{"href":"https:\/\/ibstage.org\/ca\/wp-json\/wp\/v2\/types\/page"}],"author":[{"embeddable":true,"href":"https:\/\/ibstage.org\/ca\/wp-json\/wp\/v2\/users\/1"}],"replies":[{"embeddable":true,"href":"https:\/\/ibstage.org\/ca\/wp-json\/wp\/v2\/comments?post=3715"}],"version-history":[{"count":8,"href":"https:\/\/ibstage.org\/ca\/wp-json\/wp\/v2\/pages\/3715\/revisions"}],"predecessor-version":[{"id":4206,"href":"https:\/\/ibstage.org\/ca\/wp-json\/wp\/v2\/pages\/3715\/revisions\/4206"}],"wp:featuredmedia":[{"embeddable":true,"href":"https:\/\/ibstage.org\/ca\/wp-json\/wp\/v2\/media\/3213"}],"wp:attachment":[{"href":"https:\/\/ibstage.org\/ca\/wp-json\/wp\/v2\/media?parent=3715"}],"curies":[{"name":"wp","href":"https:\/\/api.w.org\/{rel}","templated":true}]}}