{"id":3604,"date":"2024-05-29T16:19:26","date_gmt":"2024-05-29T14:19:26","guid":{"rendered":"https:\/\/ibstage.org\/avis-legal\/"},"modified":"2024-07-18T22:13:38","modified_gmt":"2024-07-18T20:13:38","slug":"avis-legal","status":"publish","type":"page","link":"https:\/\/ibstage.org\/ca\/avis-legal\/","title":{"rendered":"Av\u00eds Legal"},"content":{"rendered":"\t\t<div data-elementor-type=\"wp-page\" data-elementor-id=\"3604\" class=\"elementor elementor-3604 elementor-3451\" data-elementor-post-type=\"page\">\n\t\t\t\t<div class=\"elementor-element elementor-element-be80a85 e-flex e-con-boxed magic-button-disabled-no e-con e-parent\" data-id=\"be80a85\" data-element_type=\"container\" data-e-type=\"container\" data-settings=\"{&quot;background_background&quot;:&quot;classic&quot;}\">\n\t\t\t\t\t<div class=\"e-con-inner\">\n\t\t\t\t\t<\/div>\n\t\t\t\t<\/div>\n\t\t<div class=\"elementor-element elementor-element-6e54a3d e-flex e-con-boxed magic-button-disabled-no e-con e-parent\" data-id=\"6e54a3d\" data-element_type=\"container\" data-e-type=\"container\">\n\t\t\t\t\t<div class=\"e-con-inner\">\n\t\t\t\t<div class=\"elementor-element elementor-element-ffc85d9 elementor-widget elementor-widget-text-editor\" data-id=\"ffc85d9\" data-element_type=\"widget\" data-e-type=\"widget\" data-widget_type=\"text-editor.default\">\n\t\t\t\t<div class=\"elementor-widget-container\">\n\t\t\t\t\t\t\t\t\t<p><strong>Av\u00eds Legal<\/strong><\/p>\n<p><strong>Identitat del responsable: FUNDACI\u00d3 BALLET DE CATALUNYA<\/strong><br \/>NIF\/CIF: G66776212<br \/>Adre\u00e7a: Carrer Mare de D\u00e9u dels \u00c0ngels 90, 08221, Terrassa, Barcelona<br \/>Correu electr\u00f2nic: <a target=\"_new\" rel=\"noreferrer\">info@catballet.org<\/a><br \/>Inscrita al Registre d&#8217;Entitats Locals de Catalunya el 08\/02\/1994 amb el n\u00famero 2992.<\/p>\n<p>La FUNDACI\u00d3 BALLET DE CATALUNYA es compromet a tractar la informaci\u00f3 dels seus usuaris amb plenes garanties i a complir amb els requisits nacionals i europeus que regulen la recollida i l&#8217;\u00fas de les dades personals dels seus usuaris. Per tant, aquest lloc web compleix estrictament el Reglament (UE) 2016\/679 del Parlament Europeu i del Consell, de 27 d&#8217;abril de 2016, relatiu a la protecci\u00f3 de les persones f\u00edsiques (GDPR), aix\u00ed com la Llei 34\/2002, d&#8217;11 de juliol, de Serveis de la Societat de la Informaci\u00f3 i Comer\u00e7 Electr\u00f2nic (LSSICE o LSSI). Aix\u00ed mateix, compleix la Llei Org\u00e0nica 3\/2018, de 5 de desembre, de Protecci\u00f3 de Dades de Car\u00e0cter Personal i Garantia dels Drets Digitals (LOPDGDD).<\/p>\n<p><strong>Acc\u00e9s i \u00fas del lloc web<\/strong><\/p>\n<p><strong>Acc\u00e9s a la Web<\/strong><\/p>\n<p>Els usuaris poden accedir lliurement i lliurement al web <a href=\"http:\/\/www.ibstage.org\/\" target=\"_new\" rel=\"noreferrer\">www.ibstage.org<\/a> on trobaran informaci\u00f3 institucional sobre la Fundaci\u00f3 Ballet de Catalunya a l&#8217;apartat de transpar\u00e8ncia corresponent. A partir d&#8217;ara, l&#8217;apartat de transpar\u00e8ncia de la FUNDACI\u00d3 BALLET DE CATALUNYA, que forma part del web de la Fundaci\u00f3 Ballet de Catalunya, es denominar\u00e0 &#8216;lloc web&#8217;.<\/p>\n<p>Amb car\u00e0cter general, l&#8217;acc\u00e9s a la informaci\u00f3 i utilitats d&#8217;aquest lloc web no requereix el registre previ d&#8217;usuari. No obstant aix\u00f2, els usuaris podran sol\u00b7licitar, omplint els formularis corresponents, la recepci\u00f3 d&#8217;informaci\u00f3 i publicitat sobre la FUNDACI\u00d3 BALLET DE CATALUNYA. Els usuaris garanteixen que totes les dades i dades personals facilitades en els formularis seran certes i correctes. Els usuaris seran els \u00fanics responsables de les manifestacions falses o inexactes que realitzin i dels danys que l&#8217;\u00fas d&#8217;aquesta informaci\u00f3 pugui ocasionar a la FUNDACI\u00d3 BALLET DE CATALUNYA o a tercers. Aix\u00ed mateix, els usuaris es comprometen a comunicar a la FUNDACI\u00d3 BALLET DE CATALUNYA els canvis que es puguin produir en relaci\u00f3 a la informaci\u00f3 i dades personals comunicades.<\/p>\n<p>La FUNDACI\u00d3 BALLET DE CATALUNYA es reserva el dret a interrompre l&#8217;acc\u00e9s a la seva p\u00e0gina web en qualsevol moment i sense previ av\u00eds, ja sigui per seguretat, control, manteniment, errors de subministrament el\u00e8ctric, o qualsevol altra causa. Aquesta interrupci\u00f3 pot ser temporal o permanent, en aquest cas es comunicar\u00e0 aquesta circumst\u00e0ncia als usuaris. Per tant, la FUNDACI\u00d3 BALLET DE CATALUNYA no garanteix la fiabilitat, disponibilitat, o continu\u00eftat de la seva p\u00e0gina web, en el sup\u00f2sit de les causes esmentades, per tant, en cap moment es poden exigir a la FUNDACI\u00d3 BALLET DE CATALUNYA responsabilitats al respecte.<\/p>\n<p><strong>\u00das del lloc web<\/strong><\/p>\n<p>La utilitzaci\u00f3 del lloc web de la FUNDACI\u00d3 BALLET DE CATALUNYA per part de qualsevol persona li atribueix la condici\u00f3 d&#8217;usuari, que accepta que aquest \u00fas \u00e9s sota la seva exclusiva responsabilitat.<\/p>\n<p>Els usuaris es comprometen a utilitzar la informaci\u00f3 que la FUNDACI\u00d3 BALLET DE CATALUNYA posa a la seva disposici\u00f3 en aquest lloc web d&#8217;acord amb les presents condicions generals i la legislaci\u00f3 vigent, i en tot cas, es compromet a no utilitzar-les per a activitats contr\u00e0ries a la llei, a la moral o al p\u00fablic. ordre.<\/p>\n<p>El Contingut del lloc web es posa a disposici\u00f3 dels usuaris per la FUNDACI\u00d3 BALLET DE CATALUNYA com a informaci\u00f3 pr\u00f2pia o, si escau, de tercers. D&#8217;aquesta manera, la FUNDACI\u00d3 BALLET DE CATALUNYA posar\u00e0 a disposici\u00f3 dels mitjans raonables que els Continguts inclosos en la seva p\u00e0gina web siguin exactes i actualitzats.<\/p>\n<p>Pel que fa als menors que desitgin utilitzar aquest lloc web, hauran de comptar amb l&#8217;autoritzaci\u00f3 dels seus pares o tutors, que en tot cas seran responsables de les seves accions.<\/p>\n<p><strong>Modificacions<\/strong><\/p>\n<p>La FUNDACI\u00d3 BALLET DE CATALUNYA es reserva el dret d&#8217;efectuar sense previ av\u00eds les modificacions que consideri oportunes al seu portal de transpar\u00e8ncia, podent modificar-se, suprimir, o afegir tant els continguts com la forma en qu\u00e8 aquests apareixen presentats o localitzats al seu portal.<\/p>\n<p><strong>Informaci\u00f3 sobre Enlla\u00e7os<\/strong><\/p>\n<p>Les p\u00e0gines d&#8217;Internet de la FUNDACI\u00d3 BALLET DE CATALUNYA poden contenir enlla\u00e7os a altres p\u00e0gines de tercers. Per tant, no pot assumir responsabilitats pel contingut que pugui apar\u00e8ixer en p\u00e0gines de tercers. Qualsevol acte de transmissi\u00f3, distribuci\u00f3, cessi\u00f3, reproducci\u00f3, emmagatzematge, o comunicaci\u00f3 p\u00fablica total o parcial, haur\u00e0 de comptar amb el consentiment expr\u00e9s de la FUNDACI\u00d3 BALLET DE CATALUNYA.<\/p>\n<p>En compliment del que disposa l&#8217;art. 11 i 16 de la LSSICE, la FUNDACI\u00d3 BALLET DE CATALUNYA es posa a disposici\u00f3 de tots els usuaris, autoritats i cossos de seguretat, col\u00b7laborant activament en la retirada o, si escau, bloqueig de tots aquells continguts que puguin afectar o contravenir la legislaci\u00f3 nacional o internacional, drets de tercers, o la moral i l&#8217;ordre p\u00fablic. En cas que l&#8217;usuari consideri que hi ha algun contingut susceptible de ser susceptible d&#8217;aquesta classificaci\u00f3, es demana que ho comuniqui immediatament a l&#8217;administrador de la web.<\/p>\n<p><strong>Exempci\u00f3 de responsabilitat i limitaci\u00f3 de responsabilitat<\/strong><\/p>\n<p>Els usuaris seran responsables dels danys i perjudicis de qualsevol naturalesa que la FUNDACI\u00d3 BALLET DE CATALUNYA o tercers puguin patir com a conseq\u00fc\u00e8ncia de l&#8217;incompliment de qualsevol de les disposicions estipulades en aquest Av\u00eds Legal o pol\u00edtica de privacitat i la resta de condicions legals que siguin d&#8217;aplicaci\u00f3.<\/p>\n<p>La FUNDACI\u00d3 BALLET DE CATALUNYA no es fa responsable dels danys produ\u00efts en els equips inform\u00e0tics dels usuaris o de tercers com a conseq\u00fc\u00e8ncia de l&#8217;acc\u00e9s a aquest lloc web, perqu\u00e8 aquest acc\u00e9s no implica l&#8217;obligaci\u00f3 de la FUNDACI\u00d3 BALLET DE CATALUNYA de controlar l&#8217;abs\u00e8ncia de virus, cucs, o qualsevol altre element inform\u00e0tic nociu.<\/p>\n<p>La FUNDACI\u00d3 BALLET DE CATALUNYA no es fa responsable dels continguts i serveis dels enlla\u00e7os, p\u00e0gines o sistemes de tercers connectats a aquest lloc web, i per tant, no es fa responsable dels danys i perjudicis ocasionats per la il\u00b7licitud, qualitat, desactualitzaci\u00f3, indisponibilitat, error. , o inutilitat del mateix.<\/p>\n<p><strong>Informaci\u00f3 sobre Propietat Intel\u00b7lectual i Industrial<\/strong><\/p>\n<p>Tots els continguts d&#8217;aquest lloc web, ent\u00e8s com a tals, a t\u00edtol merament enunciatiu, els textos, fotografies, gr\u00e0fics, imatges, icones, signes distintius o logotips, marques, noms comercials, tecnologia, programari, enlla\u00e7os, i altres continguts audiovisuals o sonors. , aix\u00ed com el seu disseny gr\u00e0fic i codis font (en endavant, els Continguts), s\u00f3n propietat intel\u00b7lectual de la FUNDACI\u00d3 BALLET DE CATALUNYA o, si escau, de tercers, llevat que s&#8217;especifiqui el contrari.<\/p>\n<p>Els usuaris hauran de respectar en tot moment tots els drets de propietat intel\u00b7lectual i industrial d&#8217;aquest lloc web, titularitat de la FUNDACI\u00d3 BALLET DE CATALUNYA o de tercers.<\/p>\n<p>Queda expressament prohibida la reproducci\u00f3, transformaci\u00f3, distribuci\u00f3, comunicaci\u00f3 p\u00fablica, posada a disposici\u00f3, extracci\u00f3, reutilitzaci\u00f3, retransmissi\u00f3 o utilitzaci\u00f3 de qualsevol naturalesa, per qualsevol mitj\u00e0 o procediment, de qualsevol d&#8217;aquests drets, excepte en els casos en qu\u00e8 estigui perm\u00e8s legalment, que \u00e9s, autoritzat pel titular dels drets corresponents. Per a l&#8217;\u00fas autoritzat dels Continguts d&#8217;aquesta web, amb finalitats exclusivament informatives o educatives, els usuaris poden dirigir-se <a target=\"_new\" rel=\"noreferrer\">a info@catballet.org<\/a> . No obstant aix\u00f2, els usuaris poden visualitzar i obtenir una c\u00f2pia privada temporal dels Continguts per al seu exclusiu \u00fas personal i privat en els seus sistemes inform\u00e0tics, sempre que no sigui amb la finalitat de desenvolupar activitats comercials o professionals o amb finalitats de distribuci\u00f3, modificaci\u00f3, alteraci\u00f3, o descompilaci\u00f3.<\/p>\n<p><strong>Protecci\u00f3 de Dades Personals<\/strong><\/p>\n<p>Les dades personals rebudes dels usuaris seran tractades de manera confidencial, complint en tot moment adequadament les disposicions contingudes en el GDPR, la LOPDGDD, i qualsevol altra normativa vigent o futura que es promulgui en la mat\u00e8ria.<\/p>\n<p>La FUNDACI\u00d3 BALLET DE CATALUNYA es compromet a tractar les dades personals d&#8217;acord amb les finalitats per a les quals els usuaris han facilitat les dades personals, a no aplicar-les ni utilitzar-les amb una finalitat diferent, i a no comunicar-les, ni tan sols per a la seva conservaci\u00f3, a altres persones, llevat del consentiment previ i expr\u00e9s de l&#8217;interessat. Aix\u00ed mateix, la FUNDACI\u00d3 BALLET DE CATALUNYA es compromet a adoptar i aplicar les mesures t\u00e8cniques i organitzatives adequades per garantir un nivell de seguretat que impedeixi la seva alteraci\u00f3, p\u00e8rdua, tractament o acc\u00e9s no autoritzat, tenint en compte l&#8217;estat de la tecnologia, la naturalesa de les dades emmagatzemades. , i els riscos als quals estan exposats, d&#8217;acord amb el que estableix l&#8217;article 32 del RGPD.<\/p>\n<p>Per obtenir m\u00e9s informaci\u00f3, consulteu la nostra <a href=\"https:\/\/ibstage.org\/ca\/privadesa\/\">Pol\u00edtica de privadesa<\/a> .<\/p>\n<p><strong>Legislaci\u00f3 aplicable i jurisdicci\u00f3<\/strong><\/p>\n<p>Aquest Av\u00eds Legal est\u00e0 subjecte a la legislaci\u00f3 espanyola vigent. Per a la resoluci\u00f3 de qualsevol conflicte o litigi que es pogu\u00e9s derivar de l&#8217;acc\u00e9s a aquest lloc web, els usuaris i la FUNDACI\u00d3 BALLET DE CATALUNYA acorden sotmetre&#8217;s als jutjats competents.<\/p>\n\t\t\t\t\t\t\t\t<\/div>\n\t\t\t\t<\/div>\n\t\t\t\t\t<\/div>\n\t\t\t\t<\/div>\n\t\t\t\t<\/div>\n\t\t","protected":false},"excerpt":{"rendered":"<p>Av\u00eds Legal Identitat del responsable: FUNDACI\u00d3 BALLET DE CATALUNYANIF\/CIF: G66776212Adre\u00e7a: Carrer Mare de D\u00e9u dels \u00c0ngels 90, 08221, Terrassa, BarcelonaCorreu electr\u00f2nic: info@catballet.orgInscrita al Registre d&#8217;Entitats Locals de Catalunya el 08\/02\/1994 amb el n\u00famero 2992. La FUNDACI\u00d3 BALLET DE CATALUNYA es compromet a tractar la informaci\u00f3 dels seus usuaris amb plenes garanties i a complir amb [&hellip;]<\/p>\n","protected":false},"author":1,"featured_media":0,"parent":0,"menu_order":0,"comment_status":"closed","ping_status":"closed","template":"","meta":{"_coblocks_attr":"","_coblocks_dimensions":"","_coblocks_responsive_height":"","_coblocks_accordion_ie_support":"","content-type":"","footnotes":""},"class_list":["post-3604","page","type-page","status-publish","hentry"],"_links":{"self":[{"href":"https:\/\/ibstage.org\/ca\/wp-json\/wp\/v2\/pages\/3604","targetHints":{"allow":["GET"]}}],"collection":[{"href":"https:\/\/ibstage.org\/ca\/wp-json\/wp\/v2\/pages"}],"about":[{"href":"https:\/\/ibstage.org\/ca\/wp-json\/wp\/v2\/types\/page"}],"author":[{"embeddable":true,"href":"https:\/\/ibstage.org\/ca\/wp-json\/wp\/v2\/users\/1"}],"replies":[{"embeddable":true,"href":"https:\/\/ibstage.org\/ca\/wp-json\/wp\/v2\/comments?post=3604"}],"version-history":[{"count":10,"href":"https:\/\/ibstage.org\/ca\/wp-json\/wp\/v2\/pages\/3604\/revisions"}],"predecessor-version":[{"id":4162,"href":"https:\/\/ibstage.org\/ca\/wp-json\/wp\/v2\/pages\/3604\/revisions\/4162"}],"wp:attachment":[{"href":"https:\/\/ibstage.org\/ca\/wp-json\/wp\/v2\/media?parent=3604"}],"curies":[{"name":"wp","href":"https:\/\/api.w.org\/{rel}","templated":true}]}}